{"id":24,"date":"2019-11-12T22:07:28","date_gmt":"2019-11-12T22:07:28","guid":{"rendered":"http:\/\/test1.tv-obernhain.de\/?page_id=24"},"modified":"2024-04-04T16:23:37","modified_gmt":"2024-04-04T15:23:37","slug":"impressum","status":"publish","type":"page","link":"https:\/\/tv-obernhain.de\/?page_id=24","title":{"rendered":"Impressum"},"content":{"rendered":"\n<p><strong>Angaben gem\u00e4\u00df \u00a7 5 TMG:<\/strong><br><br> Turnverein 1891 Obernhain e.V.<br> Frau Christina Wagner<br> Langwiesenweg 10<br> 61273 Wehrheim<br><br><br><strong>Vertreten durch\/Vertretungsberichtigter Vorstand:<\/strong><br><br> 1. Vorsitzender: Lars Berger<br> 2. Vorsitzender: Dustin Berger<br> Schatzmeister: Phillip Bausch<br><br><br><strong>Kontakt:<\/strong><br><br> Telefon: 06081 57932<br> E-Mail: buero@tv-obernhain.de<br> Internet: www.tv-obernhain.de<br><br><br><strong>Registereintrag: <\/strong><br><br> Eintragung im Vereinsregister.<br> Registergericht: Amtsgericht Bad Homburg v.d.H.<br> Registernummer: VR 1484<br><br><br><strong>Streitschlichtung <\/strong><br><br> Wir sind nicht bereit oder verpflichtet, an Streitbeilegungsverfahren vor einer Verbraucherschlichtungsstelle teilzunehmen.<br><br><br><strong>Haftung f\u00fcr Inhalte <\/strong><br><br> Als Diensteanbieter sind wir gem\u00e4\u00df \u00a7 7 Abs.1 TMG f\u00fcr eigene Inhalte auf  diesen Seiten nach den allgemeinen Gesetzen verantwortlich. Nach \u00a7\u00a7 8  bis 10 TMG sind wir als Diensteanbieter jedoch nicht verpflichtet,  \u00fcbermittelte oder gespeicherte fremde Informationen zu \u00fcberwachen oder  nach Umst\u00e4nden zu forschen, die auf eine rechtswidrige T\u00e4tigkeit hinweisen. Verpflichtungen zur Entfernung oder Sperrung der Nutzung von  Informationen nach den allgemeinen Gesetzen bleiben hiervon unber\u00fchrt.  Eine diesbez\u00fcgliche Haftung ist jedoch erst ab dem Zeitpunkt der  Kenntnis einer konkreten Rechtsverletzung m\u00f6glich. Bei Bekanntwerden von  entsprechenden Rechtsverletzungen werden wir diese Inhalte umgehend  entfernen.<br><br><br><strong>Haftung f\u00fcr Links<\/strong><br><br> Unser Angebot enth\u00e4lt Links zu externen Websites Dritter, auf deren  Inhalte wir keinen Einfluss haben. Deshalb k\u00f6nnen wir f\u00fcr diese fremden  Inhalte auch keine Gew\u00e4hr \u00fcbernehmen. F\u00fcr die Inhalte der verlinkten  Seiten ist stets der jeweilige Anbieter oder Betreiber der Seiten  verantwortlich. Die verlinkten Seiten wurden zum Zeitpunkt der  Verlinkung auf m\u00f6gliche Rechtsverst\u00f6\u00dfe \u00fcberpr\u00fcft. Rechtswidrige Inhalte  waren zum Zeitpunkt der Verlinkung nicht erkennbar. Eine permanente inhaltliche Kontrolle der verlinkten Seiten ist jedoch  ohne konkrete Anhaltspunkte einer Rechtsverletzung nicht zumutbar. Bei  Bekanntwerden von Rechtsverletzungen werden wir derartige Links umgehend  entfernen.<br><br><br><strong>Urheberrecht<\/strong><br><br> Die durch die Seitenbetreiber erstellten Inhalte und Werke auf diesen  Seiten unterliegen dem deutschen Urheberrecht. Die Vervielf\u00e4ltigung,  Bearbeitung, Verbreitung und jede Art der Verwertung au\u00dferhalb der  Grenzen des Urheberrechtes bed\u00fcrfen der schriftlichen Zustimmung des  jeweiligen Autors bzw. Erstellers. Downloads und Kopien dieser Seite  sind nur f\u00fcr den privaten, nicht kommerziellen Gebrauch gestattet. Soweit die Inhalte auf dieser Seite nicht vom Betreiber erstellt wurden,  werden die Urheberrechte Dritter beachtet. Insbesondere werden Inhalte  Dritter als solche gekennzeichnet. Sollten Sie trotzdem auf eine  Urheberrechtsverletzung aufmerksam werden, bitten wir um einen  entsprechenden Hinweis. Bei Bekanntwerden von Rechtsverletzungen werden  wir derartige Inhalte umgehend entfernen. <br><br><br><\/p>\n\n\n\n<p>Quelle: <a href=\"https:\/\/www.e-recht24.de\/impressum-generator.html\" target=\"_blank\" rel=\"noreferrer noopener\">https:\/\/www.erecht24.de\/impressum-generator.html<\/a><\/p>\n","protected":false},"excerpt":{"rendered":"<p>Angaben gem\u00e4\u00df \u00a7 5 TMG: Turnverein 1891 Obernhain e.V. Frau Christina Wagner Langwiesenweg 10 61273 Wehrheim Vertreten durch\/Vertretungsberichtigter Vorstand: 1. Vorsitzender: Lars Berger 2. Vorsitzender: Dustin Berger Schatzmeister: Phillip Bausch Kontakt: Telefon: 06081 57932 E-Mail: buero@tv-obernhain.de Internet: www.tv-obernhain.de Registereintrag: Eintragung im Vereinsregister. Registergericht: Amtsgericht Bad Homburg v.d.H. Registernummer: VR 1484 Streitschlichtung Wir sind nicht bereit &#8230; <a title=\"Impressum\" class=\"read-more\" href=\"https:\/\/tv-obernhain.de\/?page_id=24\" aria-label=\"Mehr dazu unter Impressum\">Weiterlesen<\/a><\/p>\n","protected":false},"author":1,"featured_media":0,"parent":0,"menu_order":0,"comment_status":"closed","ping_status":"closed","template":"","meta":{"footnotes":""},"class_list":["post-24","page","type-page","status-publish"],"_links":{"self":[{"href":"https:\/\/tv-obernhain.de\/index.php?rest_route=\/wp\/v2\/pages\/24","targetHints":{"allow":["GET"]}}],"collection":[{"href":"https:\/\/tv-obernhain.de\/index.php?rest_route=\/wp\/v2\/pages"}],"about":[{"href":"https:\/\/tv-obernhain.de\/index.php?rest_route=\/wp\/v2\/types\/page"}],"author":[{"embeddable":true,"href":"https:\/\/tv-obernhain.de\/index.php?rest_route=\/wp\/v2\/users\/1"}],"replies":[{"embeddable":true,"href":"https:\/\/tv-obernhain.de\/index.php?rest_route=%2Fwp%2Fv2%2Fcomments&post=24"}],"version-history":[{"count":4,"href":"https:\/\/tv-obernhain.de\/index.php?rest_route=\/wp\/v2\/pages\/24\/revisions"}],"predecessor-version":[{"id":444,"href":"https:\/\/tv-obernhain.de\/index.php?rest_route=\/wp\/v2\/pages\/24\/revisions\/444"}],"wp:attachment":[{"href":"https:\/\/tv-obernhain.de\/index.php?rest_route=%2Fwp%2Fv2%2Fmedia&parent=24"}],"curies":[{"name":"wp","href":"https:\/\/api.w.org\/{rel}","templated":true}]}}